{"id":1098,"date":"2024-05-16T06:00:40","date_gmt":"2024-05-16T03:00:40","guid":{"rendered":"https:\/\/envir.gr\/scientific-publications-conferences\/"},"modified":"2025-09-17T11:13:24","modified_gmt":"2025-09-17T08:13:24","slug":"scientific-publications-conferences","status":"publish","type":"page","link":"https:\/\/envir.gr\/en\/scientific-publications-conferences\/","title":{"rendered":"Scientific Publications &#038; Conferences"},"content":{"rendered":"\t\t<div data-elementor-type=\"wp-page\" data-elementor-id=\"1098\" class=\"elementor elementor-1098 elementor-380\">\n\t\t\t\t<div class=\"elementor-element elementor-element-307469c e-con-full e-flex parallax_section_no qode_elementor_container_no e-con e-parent\" data-id=\"307469c\" data-element_type=\"container\">\n\t\t<div class=\"elementor-element elementor-element-0da4ab4 e-con-full e-flex parallax_section_no qode_elementor_container_no e-con e-child\" data-id=\"0da4ab4\" data-element_type=\"container\">\n\t\t\t\t<div class=\"elementor-element elementor-element-4273c29 elementor-widget elementor-widget-text-editor\" data-id=\"4273c29\" data-element_type=\"widget\" data-widget_type=\"text-editor.default\">\n\t\t\t\t<div class=\"elementor-widget-container\">\n\t\t\t\t\t\t\t\t\t<h6>Envir<\/h6>\n\t\t\t\t\t\t\t\t<\/div>\n\t\t\t\t<\/div>\n\t\t\t\t<div class=\"elementor-element elementor-element-12f818b elementor-widget elementor-widget-text-editor\" data-id=\"12f818b\" data-element_type=\"widget\" data-widget_type=\"text-editor.default\">\n\t\t\t\t<div class=\"elementor-widget-container\">\n\t\t\t\t\t\t\t\t\t<h1>Scientific Publications<\/h1>\n\t\t\t\t\t\t\t\t<\/div>\n\t\t\t\t<\/div>\n\t\t\t\t<div class=\"elementor-element elementor-element-2fb378f order-list elementor-widget elementor-widget-text-editor\" data-id=\"2fb378f\" data-element_type=\"widget\" data-widget_type=\"text-editor.default\">\n\t\t\t\t<div class=\"elementor-widget-container\">\n\t\t\t\t\t\t\t\t\t<ol>\r\n \t<li>Karris, G., Xirouchakis, S., Poirazidis, K., Voulgaris, M.-D., Tsouroupi, A., Sfenthourakis, S., Giokas, S. 2024. Aspects of breeding performance of Scopoli\u2019s Shearwater (Calonectris diomedea): The case of the largest colony in Greece. Diversity, 16 (3): 150.<a href=\"https:\/\/doi.org\/10.3390\/d16030150\" target=\"_blank\" rel=\"noopener\"> https:\/\/doi.org\/10.3390\/d16030150<\/a><\/li>\r\n \t<li>Karris, G., Savva, I., Kakalis, E., Bairaktaridou, K., Espinosa, C., Smith, M., Botsidou, P., Moschous, S., Voulgaris, M.-D., Peppa, E., Panayides, P., Hadjistyllis, H., Iosifides, M. 2023. First sighting of a pelagic seabird entangled in a disposable COVID-19 facemask in the Mediterranean Sea. Mediterranean Marine Science, 24 (1): 50-55. https:\/\/doi.org\/10.12681\/mms.31918<\/li>\r\n \t<li>Voulgaris et al. 2019. Trace metal blood concentrations in Scopoli\u2019s shearwaters (Calonectris diomedea) during 2007\u20132014: A systematic analysis of the largest species colony in Greece. Science of the Total Environment 691 (2019) 187-194.<\/li>\r\n \t<li>Duarte, D.: Conde, J. G. &amp; Dimitrios \u2013 Voulgaris, M. (2017). Estudo sedimentol\u00f3gico do fundo do canal onde vai ser implantada a nova ponte pedonal de acesso \u00e0 Praia do Barril. Relat\u00f3rio de execu\u00e7\u00e3o t\u00e9cnico-cientifica para a empresa Pedras Del Rei-Gest\u00e3o e Turismo, S.A. Universidade do Algarve (D. Duarte, coordenador cientif\u00edco). 15 September 2017.<\/li>\r\n \t<li>\u039aarris, G., Xirouchakis, S., Grivas, C., Voulgaris, M.D., Sfenthourakis, S. &amp; Giokas S. 2016. Estimating the population size of Scopoli\u2019s Shearwaters (Calonectris diomedea) frequenting the Strofades islands (Ionian Sea, western Greece) by raft counts and surveys of breeding pairs. North-Western Journal of Zoology, March 2016.<\/li>\r\n \t<li>Karris, G., Thanou, E., Xirouchakis, S., Voulgaris, M.D., Fraguedakis-Tsolis, S., Sfenthourakis, S. &amp; Giokas S. 2013. Sex determination of Cory\u2019s Shearwaters offsprings on the Strofades Islands colony (Ionian Sea, Greece): A combined molecular and morphometric approach. Waterbirds 36(2): 240-246.<\/li>\r\n<\/ol>\t\t\t\t\t\t\t\t<\/div>\n\t\t\t\t<\/div>\n\t\t\t\t<\/div>\n\t\t\t\t<\/div>\n\t\t<div class=\"elementor-element elementor-element-fb4b73d e-con-full e-flex parallax_section_no qode_elementor_container_no e-con e-parent\" data-id=\"fb4b73d\" data-element_type=\"container\">\n\t\t<div class=\"elementor-element elementor-element-79f2958 e-con-full e-flex parallax_section_no qode_elementor_container_no e-con e-child\" data-id=\"79f2958\" data-element_type=\"container\">\n\t\t\t\t<div class=\"elementor-element elementor-element-cc9a909 elementor-widget elementor-widget-text-editor\" data-id=\"cc9a909\" data-element_type=\"widget\" data-widget_type=\"text-editor.default\">\n\t\t\t\t<div class=\"elementor-widget-container\">\n\t\t\t\t\t\t\t\t\t<h6>Envir<\/h6>\n\t\t\t\t\t\t\t\t<\/div>\n\t\t\t\t<\/div>\n\t\t\t\t<div class=\"elementor-element elementor-element-7564678 elementor-widget elementor-widget-text-editor\" data-id=\"7564678\" data-element_type=\"widget\" data-widget_type=\"text-editor.default\">\n\t\t\t\t<div class=\"elementor-widget-container\">\n\t\t\t\t\t\t\t\t\t<h2>Conference Proceedings (Proceedings Papers)<\/h2>\n\t\t\t\t\t\t\t\t<\/div>\n\t\t\t\t<\/div>\n\t\t\t\t<div class=\"elementor-element elementor-element-3c15d70 order-list elementor-widget elementor-widget-text-editor\" data-id=\"3c15d70\" data-element_type=\"widget\" data-widget_type=\"text-editor.default\">\n\t\t\t\t<div class=\"elementor-widget-container\">\n\t\t\t\t\t\t\t\t\t<ol>\r\n \t<li>Poirazidis, K., Karris, G., Martinis, A., Gasteratos, I., Voulgaris, M.-D. (2023). Ecological assessment of the birdlife of the monumental forests of the Ionian Islands. In: M. Havenetidou, I. Spanos, Th. Zagas, D. Gaitanis, A. Tsiroukis, A. Ourouzi (Eds.), Proceedings of the 21st Panhellenic Forestry Conference \u201cProtection of forest ecosystems and the natural environment \u2013 Ecological and socio-economic restoration of fire-affected areas\u201d (pp. 568\u2013576). Loutra Aidipsou, 22\u201325 October 2023: Hellenic Forestry Society. ISBN: 978-618-84551-3-9.<\/li>\r\n<\/ol>\t\t\t\t\t\t\t\t<\/div>\n\t\t\t\t<\/div>\n\t\t\t\t<\/div>\n\t\t\t\t<\/div>\n\t\t<div class=\"elementor-element elementor-element-e71eac1 e-con-full e-flex parallax_section_no qode_elementor_container_no e-con e-parent\" data-id=\"e71eac1\" data-element_type=\"container\">\n\t\t<div class=\"elementor-element elementor-element-079d2a6 e-con-full synedria-wrapper e-flex parallax_section_no qode_elementor_container_no e-con e-child\" data-id=\"079d2a6\" data-element_type=\"container\">\n\t\t\t\t<div class=\"elementor-element elementor-element-c9720e5 elementor-widget elementor-widget-text-editor\" data-id=\"c9720e5\" data-element_type=\"widget\" data-widget_type=\"text-editor.default\">\n\t\t\t\t<div class=\"elementor-widget-container\">\n\t\t\t\t\t\t\t\t\t<h6>Envir<\/h6>\n\t\t\t\t\t\t\t\t<\/div>\n\t\t\t\t<\/div>\n\t\t\t\t<div class=\"elementor-element elementor-element-38a31fe elementor-widget elementor-widget-text-editor\" data-id=\"38a31fe\" data-element_type=\"widget\" data-widget_type=\"text-editor.default\">\n\t\t\t\t<div class=\"elementor-widget-container\">\n\t\t\t\t\t\t\t\t\t<h1>Conference Presentations<\/h1>\n\t\t\t\t\t\t\t\t<\/div>\n\t\t\t\t<\/div>\n\t\t\t\t<div class=\"elementor-element elementor-element-e43f782 elementor-widget elementor-widget-text-editor\" data-id=\"e43f782\" data-element_type=\"widget\" data-widget_type=\"text-editor.default\">\n\t\t\t\t<div class=\"elementor-widget-container\">\n\t\t\t\t\t\t\t\t\t<ol>\n \t<li>Poirazidis, K., Karris, G., Martinis, A., Gasteratos, I., Voulgaris, M.-D. 2023. Ecological assessment of the birdlife in the monumental forests of the Ionian Islands. Oral presentation at the 21st Panhellenic Forestry Conference \u201cProtection of Forest Ecosystems and Natural Environment \u2013 Ecological and Socioeconomic Restoration of Fire-Affected Areas\u201d, Loutra Aidipsou, October 22\u201325, 2023.<\/li>\n \t<li>Karris, G., Espinosa, C., Kakalis, E., Bairaktaridou, K., Smith, M.-S., Botsidou, P., Moschous, S., Voulgaris, M.-D., Pappas, M., Panagidis, P., Chatzistyllis, Ch., Iosifidis, M. 2023. Spatiotemporal distribution of seabirds in the Republic of Cyprus. Oral presentation at the 11th Panhellenic Conference of the Hellenic Ecological Society, Patras, October 4\u20137, 2023.<\/li>\n \t<li>Karris, G., Kakalis, E., Bairaktaridou, K., Smith, M.-S., Espinosa, C., Botsidou, P., Moschous, S., Voulgaris, M.-D., Pappas, M., Panagidis, P., Chatzistyllis, Ch., Iosifidis, M. 2023. The occurrence of the Parasitic Jaeger (<em>Stercorarius parasiticus<\/em>) in the Levantine Sea based on at-sea observations. Poster presentation at the 11th Panhellenic Conference of the Hellenic Ecological Society, Patras, October 4\u20137, 2023.<\/li>\n \t<li>Karris, G., Kakalis, E., Bairaktaridou, K., Moschous, S., Voulgaris, M.-D., Panagidis, P., Chatzistyllis, Ch., Iosifidis, M., Kaimaki, S. 2021. Systematic recording and monitoring of seabirds in the Republic of Cyprus. Oral presentation at the 10th Panhellenic Conference of Ecology, Online Conference, October 14\u201317, 2021.<\/li>\n \t<li>\u201cFirst data on seabird by\u2013catch from the Greek gillnet and long\u2013line fishery (Ionian Sea, western Greece)\u201d, Poster presentation at the 3rd Eurasian Ornithology Congress, Mytilene, Lesvos, April 8\u201311, 2010.<\/li>\n \t<li>\u201cSex determination of Cory\u2019s Shearwater offspring in the Strofades Islands colony (Ionian Sea, Greece): A combined molecular and morphometric approach\u201d, Oral presentation at the 12th International Congress on the Zoogeography, Ecology and Evolution of Southeastern Europe and the Eastern Mediterranean, Athens, Greece, June 18\u201322, 2012.<\/li>\n \t<li>\u201cEffects of abiotic factors on egg dimensions of Cory\u2019s Shearwater in a southern Ionian colony\u201d, Poster presentation at the 12th International Congress on the Zoogeography, Ecology and Evolution of Southeastern Europe and the Eastern Mediterranean, Athens, Greece, June 18\u201322, 2012.<\/li>\n \t<li>\u201cBiodiversity of passerine birds in the Special Protection Area GR2320010 \u2018Mounts Barbas, Klokos and Selinountas Gorge\u2019\u201d, Poster presentation at the 6th Panhellenic Conference of Ecology, Athens, Greece October 4\u20137, 2012.<\/li>\n \t<li>\u201cSpatio-temporal distribution and behavior of three common seabird species in Laganas Gulf and Argassi (SE Zakynthos, Ionian Sea, Western Greece)\u201d, Oral presentation at the 19th Benelux Congress of Zoology, <em>Integrative Biology: From Ecology to Molecules<\/em>, Brussels, October 19\u201320, 2012.<\/li>\n \t<li>\u201cSpatio-temporal distribution and behavior of three common seabird species in Laganas Gulf and Argassi (SE Zakynthos, Ionian Sea, Western Greece)\u201d, Poster presentation at the 9th Conference of the European Ornithologists\u2019 Union, Norwich, August 27\u201331, 2013.<\/li>\n \t<li>\u201cGPS tracking of the foraging strategy of Scopoli\u2019s Shearwater (<em>Calonectris diomedea<\/em>) in the Ionian Sea\u201d, Poster presentation at the 9th Conference of the European Ornithologists\u2019 Union, Norwich, August 27\u201331, 2013.<\/li>\n \t<li>\u201cCensus of total and breeding population of Scopoli\u2019s Shearwater (<em>Calonectris diomedea<\/em>) colony on Strofades Islands (Ionian Sea, Greece)\u201d, Poster presentation at the 12th International Conference of the Seabird Group, Merton College, University of Oxford, UK, March 21\u201323, 2014.<\/li>\n \t<li>\u201cEstimates of the spring migration flow of passerines in the Strofades Island Complex, Ionian Sea (Western Greece)\u201d, In: Book of Abstracts of the 13th ICZEGAR, Heraklion, Crete, Greece, October 7\u201311, 2015.<\/li>\n<li>\u201cAspects of breeding performance of the Scopoli\u2019s Shearwater colony on Stamfani Island (Strofades Island group, Ionian Sea) during 2008\u20132012\u201d, In: Book of Abstracts of the 13th ICZEGAR, Heraklion, Crete, Greece, October 7\u201311, 2015.<\/li>\n<\/ol>\t\t\t\t\t\t\t\t<\/div>\n\t\t\t\t<\/div>\n\t\t\t\t<\/div>\n\t\t\t\t<\/div>\n\t\t\t\t<\/div>\n\t\t","protected":false},"excerpt":{"rendered":"<p>Envir Scientific Publications Karris, G., Xirouchakis, S., Poirazidis, K., Voulgaris, M.-D., Tsouroupi, A., Sfenthourakis, S., Giokas, S. 2024. Aspects of breeding performance of Scopoli\u2019s Shearwater (Calonectris diomedea): The case of the largest colony in Greece. Diversity, 16 (3): 150. https:\/\/doi.org\/10.3390\/d16030150 Karris, G., Savva, I., Kakalis,&#8230;<\/p>\n","protected":false},"author":1,"featured_media":1097,"parent":0,"menu_order":14,"comment_status":"closed","ping_status":"closed","template":"full_width.php","meta":{"inline_featured_image":false,"_monsterinsights_skip_tracking":false,"_monsterinsights_sitenote_active":false,"_monsterinsights_sitenote_note":"","_monsterinsights_sitenote_category":0,"footnotes":""},"class_list":["post-1098","page","type-page","status-publish","has-post-thumbnail","hentry"],"yoast_head":"<!-- This site is optimized with the Yoast SEO plugin v25.9 - https:\/\/yoast.com\/wordpress\/plugins\/seo\/ -->\n<title>Scientific Publications &amp; Conference Papers | ENVIR<\/title>\n<meta name=\"description\" content=\"Explore ENVIR\u2019s scientific publications and conference contributions on ecology, biodiversity, seabirds and environmental impact studies in Greece and abroad.\" \/>\n<meta name=\"robots\" content=\"index, follow, max-snippet:-1, max-image-preview:large, max-video-preview:-1\" \/>\n<link rel=\"canonical\" href=\"https:\/\/envir.gr\/en\/scientific-publications-conferences\/\" \/>\n<meta property=\"og:locale\" content=\"en_US\" \/>\n<meta property=\"og:type\" content=\"article\" \/>\n<meta property=\"og:title\" content=\"Scientific Publications &amp; Conference Papers | ENVIR\" \/>\n<meta property=\"og:description\" content=\"Explore ENVIR\u2019s scientific publications and conference contributions on ecology, biodiversity, seabirds and environmental impact studies in Greece and abroad.\" \/>\n<meta property=\"og:url\" content=\"https:\/\/envir.gr\/en\/scientific-publications-conferences\/\" \/>\n<meta property=\"og:site_name\" content=\"Envir - \u03a0\u03b5\u03c1\u03b9\u03b2\u03b1\u03bb\u03bb\u03bf\u03bd\u03c4\u03b9\u03ba\u03ad\u03c2 \u039c\u03b5\u03bb\u03ad\u03c4\u03b5\u03c2\" \/>\n<meta property=\"article:publisher\" content=\"https:\/\/www.facebook.com\/envirservices\/\" \/>\n<meta property=\"article:modified_time\" content=\"2025-09-17T08:13:24+00:00\" \/>\n<meta property=\"og:image\" content=\"https:\/\/envir.gr\/wp-content\/uploads\/2024\/07\/envir_press.jpg\" \/>\n\t<meta property=\"og:image:width\" content=\"1750\" \/>\n\t<meta property=\"og:image:height\" content=\"728\" \/>\n\t<meta property=\"og:image:type\" content=\"image\/jpeg\" \/>\n<meta name=\"twitter:card\" content=\"summary_large_image\" \/>\n<meta name=\"twitter:site\" content=\"@ENVIR02787554\" \/>\n<meta name=\"twitter:label1\" content=\"Est. reading time\" \/>\n\t<meta name=\"twitter:data1\" content=\"5 minutes\" \/>\n<script type=\"application\/ld+json\" class=\"yoast-schema-graph\">{\"@context\":\"https:\/\/schema.org\",\"@graph\":[{\"@type\":\"WebPage\",\"@id\":\"https:\/\/envir.gr\/en\/scientific-publications-conferences\/\",\"url\":\"https:\/\/envir.gr\/en\/scientific-publications-conferences\/\",\"name\":\"Scientific Publications & Conference Papers | ENVIR\",\"isPartOf\":{\"@id\":\"https:\/\/envir.gr\/en\/#website\"},\"primaryImageOfPage\":{\"@id\":\"https:\/\/envir.gr\/en\/scientific-publications-conferences\/#primaryimage\"},\"image\":{\"@id\":\"https:\/\/envir.gr\/en\/scientific-publications-conferences\/#primaryimage\"},\"thumbnailUrl\":\"https:\/\/envir.gr\/wp-content\/uploads\/2024\/07\/envir_press.jpg\",\"datePublished\":\"2024-05-16T03:00:40+00:00\",\"dateModified\":\"2025-09-17T08:13:24+00:00\",\"description\":\"Explore ENVIR\u2019s scientific publications and conference contributions on ecology, biodiversity, seabirds and environmental impact studies in Greece and abroad.\",\"breadcrumb\":{\"@id\":\"https:\/\/envir.gr\/en\/scientific-publications-conferences\/#breadcrumb\"},\"inLanguage\":\"en-US\",\"potentialAction\":[{\"@type\":\"ReadAction\",\"target\":[\"https:\/\/envir.gr\/en\/scientific-publications-conferences\/\"]}]},{\"@type\":\"ImageObject\",\"inLanguage\":\"en-US\",\"@id\":\"https:\/\/envir.gr\/en\/scientific-publications-conferences\/#primaryimage\",\"url\":\"https:\/\/envir.gr\/wp-content\/uploads\/2024\/07\/envir_press.jpg\",\"contentUrl\":\"https:\/\/envir.gr\/wp-content\/uploads\/2024\/07\/envir_press.jpg\",\"width\":1750,\"height\":728,\"caption\":\"The globe Earth in the hands of man against the night city. Concept on business, politics, ecology and media. Earth day abstract background. Elements of this image furnished by NASA.\"},{\"@type\":\"BreadcrumbList\",\"@id\":\"https:\/\/envir.gr\/en\/scientific-publications-conferences\/#breadcrumb\",\"itemListElement\":[{\"@type\":\"ListItem\",\"position\":1,\"name\":\"Home\",\"item\":\"https:\/\/envir.gr\/en\/\"},{\"@type\":\"ListItem\",\"position\":2,\"name\":\"Scientific Publications &#038; Conferences\"}]},{\"@type\":\"WebSite\",\"@id\":\"https:\/\/envir.gr\/en\/#website\",\"url\":\"https:\/\/envir.gr\/en\/\",\"name\":\"Envir - \u03a0\u03b5\u03c1\u03b9\u03b2\u03b1\u03bb\u03bb\u03bf\u03bd\u03c4\u03b9\u03ba\u03ad\u03c2 \u039c\u03b5\u03bb\u03ad\u03c4\u03b5\u03c2\",\"description\":\"\",\"publisher\":{\"@id\":\"https:\/\/envir.gr\/en\/#organization\"},\"potentialAction\":[{\"@type\":\"SearchAction\",\"target\":{\"@type\":\"EntryPoint\",\"urlTemplate\":\"https:\/\/envir.gr\/en\/?s={search_term_string}\"},\"query-input\":{\"@type\":\"PropertyValueSpecification\",\"valueRequired\":true,\"valueName\":\"search_term_string\"}}],\"inLanguage\":\"en-US\"},{\"@type\":\"Organization\",\"@id\":\"https:\/\/envir.gr\/en\/#organization\",\"name\":\"Envir - \u03a0\u03b5\u03c1\u03b9\u03b2\u03b1\u03bb\u03bb\u03bf\u03bd\u03c4\u03b9\u03ba\u03ad\u03c2 \u039c\u03b5\u03bb\u03ad\u03c4\u03b5\u03c2\",\"url\":\"https:\/\/envir.gr\/en\/\",\"logo\":{\"@type\":\"ImageObject\",\"inLanguage\":\"en-US\",\"@id\":\"https:\/\/envir.gr\/en\/#\/schema\/logo\/image\/\",\"url\":\"https:\/\/envir.gr\/wp-content\/uploads\/2024\/03\/ENVIR-logo.svg\",\"contentUrl\":\"https:\/\/envir.gr\/wp-content\/uploads\/2024\/03\/ENVIR-logo.svg\",\"width\":425,\"height\":165,\"caption\":\"Envir - \u03a0\u03b5\u03c1\u03b9\u03b2\u03b1\u03bb\u03bb\u03bf\u03bd\u03c4\u03b9\u03ba\u03ad\u03c2 \u039c\u03b5\u03bb\u03ad\u03c4\u03b5\u03c2\"},\"image\":{\"@id\":\"https:\/\/envir.gr\/en\/#\/schema\/logo\/image\/\"},\"sameAs\":[\"https:\/\/www.facebook.com\/envirservices\/\",\"https:\/\/x.com\/ENVIR02787554\",\"https:\/\/www.instagram.com\/environmentalresearch\/\"]}]}<\/script>\n<!-- \/ Yoast SEO plugin. -->","yoast_head_json":{"title":"Scientific Publications & Conference Papers | ENVIR","description":"Explore ENVIR\u2019s scientific publications and conference contributions on ecology, biodiversity, seabirds and environmental impact studies in Greece and abroad.","robots":{"index":"index","follow":"follow","max-snippet":"max-snippet:-1","max-image-preview":"max-image-preview:large","max-video-preview":"max-video-preview:-1"},"canonical":"https:\/\/envir.gr\/en\/scientific-publications-conferences\/","og_locale":"en_US","og_type":"article","og_title":"Scientific Publications & Conference Papers | ENVIR","og_description":"Explore ENVIR\u2019s scientific publications and conference contributions on ecology, biodiversity, seabirds and environmental impact studies in Greece and abroad.","og_url":"https:\/\/envir.gr\/en\/scientific-publications-conferences\/","og_site_name":"Envir - \u03a0\u03b5\u03c1\u03b9\u03b2\u03b1\u03bb\u03bb\u03bf\u03bd\u03c4\u03b9\u03ba\u03ad\u03c2 \u039c\u03b5\u03bb\u03ad\u03c4\u03b5\u03c2","article_publisher":"https:\/\/www.facebook.com\/envirservices\/","article_modified_time":"2025-09-17T08:13:24+00:00","og_image":[{"width":1750,"height":728,"url":"https:\/\/envir.gr\/wp-content\/uploads\/2024\/07\/envir_press.jpg","type":"image\/jpeg"}],"twitter_card":"summary_large_image","twitter_site":"@ENVIR02787554","twitter_misc":{"Est. reading time":"5 minutes"},"schema":{"@context":"https:\/\/schema.org","@graph":[{"@type":"WebPage","@id":"https:\/\/envir.gr\/en\/scientific-publications-conferences\/","url":"https:\/\/envir.gr\/en\/scientific-publications-conferences\/","name":"Scientific Publications & Conference Papers | ENVIR","isPartOf":{"@id":"https:\/\/envir.gr\/en\/#website"},"primaryImageOfPage":{"@id":"https:\/\/envir.gr\/en\/scientific-publications-conferences\/#primaryimage"},"image":{"@id":"https:\/\/envir.gr\/en\/scientific-publications-conferences\/#primaryimage"},"thumbnailUrl":"https:\/\/envir.gr\/wp-content\/uploads\/2024\/07\/envir_press.jpg","datePublished":"2024-05-16T03:00:40+00:00","dateModified":"2025-09-17T08:13:24+00:00","description":"Explore ENVIR\u2019s scientific publications and conference contributions on ecology, biodiversity, seabirds and environmental impact studies in Greece and abroad.","breadcrumb":{"@id":"https:\/\/envir.gr\/en\/scientific-publications-conferences\/#breadcrumb"},"inLanguage":"en-US","potentialAction":[{"@type":"ReadAction","target":["https:\/\/envir.gr\/en\/scientific-publications-conferences\/"]}]},{"@type":"ImageObject","inLanguage":"en-US","@id":"https:\/\/envir.gr\/en\/scientific-publications-conferences\/#primaryimage","url":"https:\/\/envir.gr\/wp-content\/uploads\/2024\/07\/envir_press.jpg","contentUrl":"https:\/\/envir.gr\/wp-content\/uploads\/2024\/07\/envir_press.jpg","width":1750,"height":728,"caption":"The globe Earth in the hands of man against the night city. Concept on business, politics, ecology and media. Earth day abstract background. Elements of this image furnished by NASA."},{"@type":"BreadcrumbList","@id":"https:\/\/envir.gr\/en\/scientific-publications-conferences\/#breadcrumb","itemListElement":[{"@type":"ListItem","position":1,"name":"Home","item":"https:\/\/envir.gr\/en\/"},{"@type":"ListItem","position":2,"name":"Scientific Publications &#038; Conferences"}]},{"@type":"WebSite","@id":"https:\/\/envir.gr\/en\/#website","url":"https:\/\/envir.gr\/en\/","name":"Envir - \u03a0\u03b5\u03c1\u03b9\u03b2\u03b1\u03bb\u03bb\u03bf\u03bd\u03c4\u03b9\u03ba\u03ad\u03c2 \u039c\u03b5\u03bb\u03ad\u03c4\u03b5\u03c2","description":"","publisher":{"@id":"https:\/\/envir.gr\/en\/#organization"},"potentialAction":[{"@type":"SearchAction","target":{"@type":"EntryPoint","urlTemplate":"https:\/\/envir.gr\/en\/?s={search_term_string}"},"query-input":{"@type":"PropertyValueSpecification","valueRequired":true,"valueName":"search_term_string"}}],"inLanguage":"en-US"},{"@type":"Organization","@id":"https:\/\/envir.gr\/en\/#organization","name":"Envir - \u03a0\u03b5\u03c1\u03b9\u03b2\u03b1\u03bb\u03bb\u03bf\u03bd\u03c4\u03b9\u03ba\u03ad\u03c2 \u039c\u03b5\u03bb\u03ad\u03c4\u03b5\u03c2","url":"https:\/\/envir.gr\/en\/","logo":{"@type":"ImageObject","inLanguage":"en-US","@id":"https:\/\/envir.gr\/en\/#\/schema\/logo\/image\/","url":"https:\/\/envir.gr\/wp-content\/uploads\/2024\/03\/ENVIR-logo.svg","contentUrl":"https:\/\/envir.gr\/wp-content\/uploads\/2024\/03\/ENVIR-logo.svg","width":425,"height":165,"caption":"Envir - \u03a0\u03b5\u03c1\u03b9\u03b2\u03b1\u03bb\u03bb\u03bf\u03bd\u03c4\u03b9\u03ba\u03ad\u03c2 \u039c\u03b5\u03bb\u03ad\u03c4\u03b5\u03c2"},"image":{"@id":"https:\/\/envir.gr\/en\/#\/schema\/logo\/image\/"},"sameAs":["https:\/\/www.facebook.com\/envirservices\/","https:\/\/x.com\/ENVIR02787554","https:\/\/www.instagram.com\/environmentalresearch\/"]}]}},"_links":{"self":[{"href":"https:\/\/envir.gr\/en\/wp-json\/wp\/v2\/pages\/1098","targetHints":{"allow":["GET"]}}],"collection":[{"href":"https:\/\/envir.gr\/en\/wp-json\/wp\/v2\/pages"}],"about":[{"href":"https:\/\/envir.gr\/en\/wp-json\/wp\/v2\/types\/page"}],"author":[{"embeddable":true,"href":"https:\/\/envir.gr\/en\/wp-json\/wp\/v2\/users\/1"}],"replies":[{"embeddable":true,"href":"https:\/\/envir.gr\/en\/wp-json\/wp\/v2\/comments?post=1098"}],"version-history":[{"count":4,"href":"https:\/\/envir.gr\/en\/wp-json\/wp\/v2\/pages\/1098\/revisions"}],"predecessor-version":[{"id":1146,"href":"https:\/\/envir.gr\/en\/wp-json\/wp\/v2\/pages\/1098\/revisions\/1146"}],"wp:featuredmedia":[{"embeddable":true,"href":"https:\/\/envir.gr\/en\/wp-json\/wp\/v2\/media\/1097"}],"wp:attachment":[{"href":"https:\/\/envir.gr\/en\/wp-json\/wp\/v2\/media?parent=1098"}],"curies":[{"name":"wp","href":"https:\/\/api.w.org\/{rel}","templated":true}]}}